{"id":70985,"date":"2026-02-25T05:08:46","date_gmt":"2026-02-25T05:08:46","guid":{"rendered":"https:\/\/wealthexpo.la\/?page_id=70985"},"modified":"2026-03-03T00:10:52","modified_gmt":"2026-03-03T00:10:52","slug":"gracias-registro-simple-webinar","status":"publish","type":"page","link":"https:\/\/wealthexpo.la\/en\/simple-webinar\/gracias-registro-simple-webinar\/","title":{"rendered":"Gracias Registro Simple Webinar"},"content":{"rendered":"<div data-elementor-type=\"wp-page\" data-elementor-id=\"70985\" class=\"elementor elementor-70985\" data-elementor-post-type=\"page\">\n\t\t\t\t<div class=\"elementor-element elementor-element-2760d9e3 e-flex e-con-boxed e-con e-parent\" data-id=\"2760d9e3\" data-element_type=\"container\" data-e-type=\"container\" data-settings=\"{&quot;background_background&quot;:&quot;classic&quot;}\">\n\t\t\t\t\t<div class=\"e-con-inner\">\n\t\t<div class=\"elementor-element elementor-element-38505b13 e-con-full e-flex e-con e-child\" data-id=\"38505b13\" data-element_type=\"container\" data-e-type=\"container\">\n\t\t\t\t<div class=\"elementor-element elementor-element-06d9838 elementor-widget elementor-widget-heading\" data-id=\"06d9838\" data-element_type=\"widget\" data-e-type=\"widget\" data-widget_type=\"heading.default\">\n\t\t\t\t<div class=\"elementor-widget-container\">\n\t\t\t\t\t<h2 class=\"elementor-heading-title elementor-size-default\">GRACIAS POR REGISTRARTE AL<\/h2>\t\t\t\t<\/div>\n\t\t\t\t<\/div>\n\t\t\t\t<div class=\"elementor-element elementor-element-8a20a3a elementor-widget elementor-widget-heading\" data-id=\"8a20a3a\" data-element_type=\"widget\" data-e-type=\"widget\" data-widget_type=\"heading.default\">\n\t\t\t\t<div class=\"elementor-widget-container\">\n\t\t\t\t\t<h1 class=\"elementor-heading-title elementor-size-default\">SIMPLE WEBINAR\n<\/h1>\t\t\t\t<\/div>\n\t\t\t\t<\/div>\n\t\t\t\t<div class=\"elementor-element elementor-element-0e1dad5 elementor-widget elementor-widget-text-editor\" data-id=\"0e1dad5\" data-element_type=\"widget\" data-e-type=\"widget\" data-widget_type=\"text-editor.default\">\n\t\t\t\t<div class=\"elementor-widget-container\">\n\t\t\t\t\t\t\t\t\t<p>En las pr\u00f3ximas horas recibir\u00e1s un correo con la confirmaci\u00f3n de tu admisi\u00f3n y m\u00e1s detalles, ser\u00e1s parcialmente aceptado.<br \/>Revisa tu bandeja de entrada o SPAM y aseg\u00farate que tu correo tenga almacenamiento. Si no recibes ning\u00fan correo y te inscribiste, puedes escribirnos a <span style=\"color: #9076ec;\">info@wealthexpo.la<\/span><\/p>\t\t\t\t\t\t\t\t<\/div>\n\t\t\t\t<\/div>\n\t\t\t\t<div class=\"elementor-element elementor-element-bff6a1c elementor-align-center elementor-widget elementor-widget-button\" data-id=\"bff6a1c\" data-element_type=\"widget\" data-e-type=\"widget\" data-widget_type=\"button.default\">\n\t\t\t\t<div class=\"elementor-widget-container\">\n\t\t\t\t\t\t\t\t\t<div class=\"elementor-button-wrapper\">\n\t\t\t\t\t<a class=\"elementor-button elementor-button-link elementor-size-sm\" href=\"https:\/\/chat.whatsapp.com\/GBqsf3u3GYq4Ryp8afeWcx?mode=hq1tcli\">\n\t\t\t\t\t\t<span class=\"elementor-button-content-wrapper\">\n\t\t\t\t\t\t<span class=\"elementor-button-icon\">\n\t\t\t\t<i aria-hidden=\"true\" class=\"fab fa-whatsapp\"><\/i>\t\t\t<\/span>\n\t\t\t\t\t\t\t\t\t<span class=\"elementor-button-text\">\u00danete a nuestra comunidad de WhatsApp<\/span>\n\t\t\t\t\t<\/span>\n\t\t\t\t\t<\/a>\n\t\t\t\t<\/div>\n\t\t\t\t\t\t\t\t<\/div>\n\t\t\t\t<\/div>\n\t\t\t\t<\/div>\n\t\t\t\t\t<\/div>\n\t\t\t\t<\/div>\n\t\t\t\t<\/div>","protected":false},"excerpt":{"rendered":"<p>GRACIAS POR REGISTRARTE AL SIMPLE WEBINAR En las pr\u00f3ximas horas recibir\u00e1s un correo con la confirmaci\u00f3n de tu admisi\u00f3n y [&hellip;]<\/p>\n","protected":false},"author":1,"featured_media":0,"parent":70984,"menu_order":0,"comment_status":"closed","ping_status":"closed","template":"","meta":{"site-sidebar-layout":"no-sidebar","site-content-layout":"","ast-site-content-layout":"full-width-container","site-content-style":"default","site-sidebar-style":"default","ast-global-header-display":"","ast-banner-title-visibility":"","ast-main-header-display":"","ast-hfb-above-header-display":"","ast-hfb-below-header-display":"","ast-hfb-mobile-header-display":"","site-post-title":"disabled","ast-breadcrumbs-content":"","ast-featured-img":"disabled","footer-sml-layout":"","ast-disable-related-posts":"","theme-transparent-header-meta":"","adv-header-id-meta":"","stick-header-meta":"","header-above-stick-meta":"","header-main-stick-meta":"","header-below-stick-meta":"","astra-migrate-meta-layouts":"default","ast-page-background-enabled":"default","ast-page-background-meta":{"desktop":{"background-color":"var(--ast-global-color-4)","background-image":"","background-repeat":"repeat","background-position":"center center","background-size":"auto","background-attachment":"scroll","background-type":"","background-media":"","overlay-type":"","overlay-color":"","overlay-opacity":"","overlay-gradient":""},"tablet":{"background-color":"","background-image":"","background-repeat":"repeat","background-position":"center center","background-size":"auto","background-attachment":"scroll","background-type":"","background-media":"","overlay-type":"","overlay-color":"","overlay-opacity":"","overlay-gradient":""},"mobile":{"background-color":"","background-image":"","background-repeat":"repeat","background-position":"center center","background-size":"auto","background-attachment":"scroll","background-type":"","background-media":"","overlay-type":"","overlay-color":"","overlay-opacity":"","overlay-gradient":""}},"ast-content-background-meta":{"desktop":{"background-color":"var(--ast-global-color-5)","background-image":"","background-repeat":"repeat","background-position":"center center","background-size":"auto","background-attachment":"scroll","background-type":"","background-media":"","overlay-type":"","overlay-color":"","overlay-opacity":"","overlay-gradient":""},"tablet":{"background-color":"var(--ast-global-color-5)","background-image":"","background-repeat":"repeat","background-position":"center center","background-size":"auto","background-attachment":"scroll","background-type":"","background-media":"","overlay-type":"","overlay-color":"","overlay-opacity":"","overlay-gradient":""},"mobile":{"background-color":"var(--ast-global-color-5)","background-image":"","background-repeat":"repeat","background-position":"center center","background-size":"auto","background-attachment":"scroll","background-type":"","background-media":"","overlay-type":"","overlay-color":"","overlay-opacity":"","overlay-gradient":""}},"footnotes":""},"class_list":["post-70985","page","type-page","status-publish","hentry"],"yoast_head":"<!-- This site is optimized with the Yoast SEO plugin v27.3 - https:\/\/yoast.com\/product\/yoast-seo-wordpress\/ -->\n<title>Gracias Registro Simple Webinar - Wealth Expo 2026<\/title>\n<meta name=\"robots\" content=\"index, follow, max-snippet:-1, max-image-preview:large, max-video-preview:-1\" \/>\n<link rel=\"canonical\" href=\"https:\/\/wealthexpo.la\/en\/simple-webinar\/gracias-registro-simple-webinar\/\" \/>\n<meta property=\"og:locale\" content=\"en_US\" \/>\n<meta property=\"og:type\" content=\"article\" \/>\n<meta property=\"og:title\" content=\"Gracias Registro Simple Webinar - Wealth Expo 2026\" \/>\n<meta property=\"og:description\" content=\"GRACIAS POR REGISTRARTE AL SIMPLE WEBINAR En las pr\u00f3ximas horas recibir\u00e1s un correo con la confirmaci\u00f3n de tu admisi\u00f3n y [&hellip;]\" \/>\n<meta property=\"og:url\" content=\"https:\/\/wealthexpo.la\/en\/simple-webinar\/gracias-registro-simple-webinar\/\" \/>\n<meta property=\"og:site_name\" content=\"Wealth Expo 2026\" \/>\n<meta property=\"article:modified_time\" content=\"2026-03-03T00:10:52+00:00\" \/>\n<meta name=\"twitter:card\" content=\"summary_large_image\" \/>\n<meta name=\"twitter:label1\" content=\"Est. reading time\" \/>\n\t<meta name=\"twitter:data1\" content=\"1 minute\" \/>\n<script type=\"application\/ld+json\" class=\"yoast-schema-graph\">{\"@context\":\"https:\\\/\\\/schema.org\",\"@graph\":[{\"@type\":\"WebPage\",\"@id\":\"https:\\\/\\\/wealthexpo.la\\\/simple-webinar\\\/gracias-registro-simple-webinar\\\/\",\"url\":\"https:\\\/\\\/wealthexpo.la\\\/simple-webinar\\\/gracias-registro-simple-webinar\\\/\",\"name\":\"Gracias Registro Simple Webinar - Wealth Expo 2026\",\"isPartOf\":{\"@id\":\"https:\\\/\\\/wealthexpo.la\\\/#website\"},\"datePublished\":\"2026-02-25T05:08:46+00:00\",\"dateModified\":\"2026-03-03T00:10:52+00:00\",\"breadcrumb\":{\"@id\":\"https:\\\/\\\/wealthexpo.la\\\/simple-webinar\\\/gracias-registro-simple-webinar\\\/#breadcrumb\"},\"inLanguage\":\"en-US\",\"potentialAction\":[{\"@type\":\"ReadAction\",\"target\":[\"https:\\\/\\\/wealthexpo.la\\\/simple-webinar\\\/gracias-registro-simple-webinar\\\/\"]}]},{\"@type\":\"BreadcrumbList\",\"@id\":\"https:\\\/\\\/wealthexpo.la\\\/simple-webinar\\\/gracias-registro-simple-webinar\\\/#breadcrumb\",\"itemListElement\":[{\"@type\":\"ListItem\",\"position\":1,\"name\":\"Portada\",\"item\":\"https:\\\/\\\/wealthexpo.la\\\/\"},{\"@type\":\"ListItem\",\"position\":2,\"name\":\"Simple Webinar\",\"item\":\"https:\\\/\\\/wealthexpo.la\\\/simple-webinar\\\/\"},{\"@type\":\"ListItem\",\"position\":3,\"name\":\"Gracias Registro Simple Webinar\"}]},{\"@type\":\"WebSite\",\"@id\":\"https:\\\/\\\/wealthexpo.la\\\/#website\",\"url\":\"https:\\\/\\\/wealthexpo.la\\\/\",\"name\":\"Wealth Expo 2026\",\"description\":\"Wealth Expo | Evento Trading | Latam 2026\",\"publisher\":{\"@id\":\"https:\\\/\\\/wealthexpo.la\\\/#organization\"},\"potentialAction\":[{\"@type\":\"SearchAction\",\"target\":{\"@type\":\"EntryPoint\",\"urlTemplate\":\"https:\\\/\\\/wealthexpo.la\\\/?s={search_term_string}\"},\"query-input\":{\"@type\":\"PropertyValueSpecification\",\"valueRequired\":true,\"valueName\":\"search_term_string\"}}],\"inLanguage\":\"en-US\"},{\"@type\":\"Organization\",\"@id\":\"https:\\\/\\\/wealthexpo.la\\\/#organization\",\"name\":\"Wealth Expo 2026\",\"url\":\"https:\\\/\\\/wealthexpo.la\\\/\",\"logo\":{\"@type\":\"ImageObject\",\"inLanguage\":\"en-US\",\"@id\":\"https:\\\/\\\/wealthexpo.la\\\/#\\\/schema\\\/logo\\\/image\\\/\",\"url\":\"https:\\\/\\\/wealthexpo.la\\\/wp-content\\\/uploads\\\/2023\\\/09\\\/WE-HORIZONTAL.svg\",\"contentUrl\":\"https:\\\/\\\/wealthexpo.la\\\/wp-content\\\/uploads\\\/2023\\\/09\\\/WE-HORIZONTAL.svg\",\"width\":909,\"height\":256,\"caption\":\"Wealth Expo 2026\"},\"image\":{\"@id\":\"https:\\\/\\\/wealthexpo.la\\\/#\\\/schema\\\/logo\\\/image\\\/\"}}]}<\/script>\n<!-- \/ Yoast SEO plugin. -->","yoast_head_json":{"title":"Gracias Registro Simple Webinar - Wealth Expo 2026","robots":{"index":"index","follow":"follow","max-snippet":"max-snippet:-1","max-image-preview":"max-image-preview:large","max-video-preview":"max-video-preview:-1"},"canonical":"https:\/\/wealthexpo.la\/en\/simple-webinar\/gracias-registro-simple-webinar\/","og_locale":"en_US","og_type":"article","og_title":"Gracias Registro Simple Webinar - Wealth Expo 2026","og_description":"GRACIAS POR REGISTRARTE AL SIMPLE WEBINAR En las pr\u00f3ximas horas recibir\u00e1s un correo con la confirmaci\u00f3n de tu admisi\u00f3n y [&hellip;]","og_url":"https:\/\/wealthexpo.la\/en\/simple-webinar\/gracias-registro-simple-webinar\/","og_site_name":"Wealth Expo 2026","article_modified_time":"2026-03-03T00:10:52+00:00","twitter_card":"summary_large_image","twitter_misc":{"Est. reading time":"1 minute"},"schema":{"@context":"https:\/\/schema.org","@graph":[{"@type":"WebPage","@id":"https:\/\/wealthexpo.la\/simple-webinar\/gracias-registro-simple-webinar\/","url":"https:\/\/wealthexpo.la\/simple-webinar\/gracias-registro-simple-webinar\/","name":"Gracias Registro Simple Webinar - Wealth Expo 2026","isPartOf":{"@id":"https:\/\/wealthexpo.la\/#website"},"datePublished":"2026-02-25T05:08:46+00:00","dateModified":"2026-03-03T00:10:52+00:00","breadcrumb":{"@id":"https:\/\/wealthexpo.la\/simple-webinar\/gracias-registro-simple-webinar\/#breadcrumb"},"inLanguage":"en-US","potentialAction":[{"@type":"ReadAction","target":["https:\/\/wealthexpo.la\/simple-webinar\/gracias-registro-simple-webinar\/"]}]},{"@type":"BreadcrumbList","@id":"https:\/\/wealthexpo.la\/simple-webinar\/gracias-registro-simple-webinar\/#breadcrumb","itemListElement":[{"@type":"ListItem","position":1,"name":"Portada","item":"https:\/\/wealthexpo.la\/"},{"@type":"ListItem","position":2,"name":"Simple Webinar","item":"https:\/\/wealthexpo.la\/simple-webinar\/"},{"@type":"ListItem","position":3,"name":"Gracias Registro Simple Webinar"}]},{"@type":"WebSite","@id":"https:\/\/wealthexpo.la\/#website","url":"https:\/\/wealthexpo.la\/","name":"Wealth Expo 2026","description":"Wealth Expo | Evento Trading | Latam 2026","publisher":{"@id":"https:\/\/wealthexpo.la\/#organization"},"potentialAction":[{"@type":"SearchAction","target":{"@type":"EntryPoint","urlTemplate":"https:\/\/wealthexpo.la\/?s={search_term_string}"},"query-input":{"@type":"PropertyValueSpecification","valueRequired":true,"valueName":"search_term_string"}}],"inLanguage":"en-US"},{"@type":"Organization","@id":"https:\/\/wealthexpo.la\/#organization","name":"Wealth Expo 2026","url":"https:\/\/wealthexpo.la\/","logo":{"@type":"ImageObject","inLanguage":"en-US","@id":"https:\/\/wealthexpo.la\/#\/schema\/logo\/image\/","url":"https:\/\/wealthexpo.la\/wp-content\/uploads\/2023\/09\/WE-HORIZONTAL.svg","contentUrl":"https:\/\/wealthexpo.la\/wp-content\/uploads\/2023\/09\/WE-HORIZONTAL.svg","width":909,"height":256,"caption":"Wealth Expo 2026"},"image":{"@id":"https:\/\/wealthexpo.la\/#\/schema\/logo\/image\/"}}]}},"_links":{"self":[{"href":"https:\/\/wealthexpo.la\/en\/wp-json\/wp\/v2\/pages\/70985","targetHints":{"allow":["GET"]}}],"collection":[{"href":"https:\/\/wealthexpo.la\/en\/wp-json\/wp\/v2\/pages"}],"about":[{"href":"https:\/\/wealthexpo.la\/en\/wp-json\/wp\/v2\/types\/page"}],"author":[{"embeddable":true,"href":"https:\/\/wealthexpo.la\/en\/wp-json\/wp\/v2\/users\/1"}],"replies":[{"embeddable":true,"href":"https:\/\/wealthexpo.la\/en\/wp-json\/wp\/v2\/comments?post=70985"}],"version-history":[{"count":11,"href":"https:\/\/wealthexpo.la\/en\/wp-json\/wp\/v2\/pages\/70985\/revisions"}],"predecessor-version":[{"id":71110,"href":"https:\/\/wealthexpo.la\/en\/wp-json\/wp\/v2\/pages\/70985\/revisions\/71110"}],"up":[{"embeddable":true,"href":"https:\/\/wealthexpo.la\/en\/wp-json\/wp\/v2\/pages\/70984"}],"wp:attachment":[{"href":"https:\/\/wealthexpo.la\/en\/wp-json\/wp\/v2\/media?parent=70985"}],"curies":[{"name":"wp","href":"https:\/\/api.w.org\/{rel}","templated":true}]}}