{"id":65178,"date":"2025-11-20T18:44:45","date_gmt":"2025-11-20T18:44:45","guid":{"rendered":"https:\/\/wealthexpo.la\/?page_id=65178"},"modified":"2026-04-08T17:59:40","modified_gmt":"2026-04-08T17:59:40","slug":"registro-ticket","status":"publish","type":"page","link":"https:\/\/wealthexpo.la\/en\/ecuador\/registro-ticket\/","title":{"rendered":"Registro Ticket"},"content":{"rendered":"<div data-elementor-type=\"wp-page\" data-elementor-id=\"65178\" class=\"elementor elementor-65178\" data-elementor-post-type=\"page\">\n\t\t\t\t\t\t<section class=\"elementor-section elementor-top-section elementor-element elementor-element-1e2ad4f elementor-section-boxed elementor-section-height-default elementor-section-height-default\" data-id=\"1e2ad4f\" data-element_type=\"section\" data-e-type=\"section\" data-settings=\"{&quot;background_background&quot;:&quot;classic&quot;}\">\n\t\t\t\t\t\t\t<div class=\"elementor-background-overlay\"><\/div>\n\t\t\t\t\t\t\t<div class=\"elementor-container elementor-column-gap-default\">\n\t\t\t\t\t<div class=\"elementor-column elementor-col-100 elementor-top-column elementor-element elementor-element-34f1f41\" data-id=\"34f1f41\" data-element_type=\"column\" data-e-type=\"column\">\n\t\t\t<div class=\"elementor-widget-wrap elementor-element-populated\">\n\t\t\t\t\t\t<div class=\"elementor-element elementor-element-0b65384 elementor-invisible elementor-widget elementor-widget-heading\" data-id=\"0b65384\" data-element_type=\"widget\" data-e-type=\"widget\" data-settings=\"{&quot;_animation&quot;:&quot;fadeIn&quot;}\" data-widget_type=\"heading.default\">\n\t\t\t\t<div class=\"elementor-widget-container\">\n\t\t\t\t\t<h1 class=\"elementor-heading-title elementor-size-default\">REGISTRO PARA<\/h1>\t\t\t\t<\/div>\n\t\t\t\t<\/div>\n\t\t\t\t<div class=\"elementor-element elementor-element-67f397e elementor-invisible elementor-widget elementor-widget-heading\" data-id=\"67f397e\" data-element_type=\"widget\" data-e-type=\"widget\" data-settings=\"{&quot;_animation&quot;:&quot;fadeIn&quot;}\" data-widget_type=\"heading.default\">\n\t\t\t\t<div class=\"elementor-widget-container\">\n\t\t\t\t\t<h1 class=\"elementor-heading-title elementor-size-default\">WEEC26<\/h1>\t\t\t\t<\/div>\n\t\t\t\t<\/div>\n\t\t\t\t<div class=\"elementor-element elementor-element-ab32ad3 elementor-invisible elementor-widget elementor-widget-text-editor\" data-id=\"ab32ad3\" data-element_type=\"widget\" data-e-type=\"widget\" data-settings=\"{&quot;_animation&quot;:&quot;fadeIn&quot;}\" data-widget_type=\"text-editor.default\">\n\t\t\t\t<div class=\"elementor-widget-container\">\n\t\t\t\t\t\t\t\t\t<p style=\"text-align: center;\">\u00danete a nosotros en un evento presencial en el <strong><span style=\"color: #05fd5f;\">Swiss\u00f4tel Quito<\/span><\/strong>,<br \/>ubicado en Quito <strong><span style=\"color: #05fd5f;\">el s\u00e1bado 25 de abril<\/span><\/strong>.<\/p>\t\t\t\t\t\t\t\t<\/div>\n\t\t\t\t<\/div>\n\t\t\t\t<div class=\"elementor-element elementor-element-c9a8f3c elementor-widget elementor-widget-heading\" data-id=\"c9a8f3c\" data-element_type=\"widget\" data-e-type=\"widget\" data-settings=\"{&quot;_animation_mobile&quot;:&quot;fadeInUp&quot;}\" data-widget_type=\"heading.default\">\n\t\t\t\t<div class=\"elementor-widget-container\">\n\t\t\t\t\t<h1 class=\"elementor-heading-title elementor-size-default\">\u00bfPREPARADO PARA EL<\/h1>\t\t\t\t<\/div>\n\t\t\t\t<\/div>\n\t\t\t\t<div class=\"elementor-element elementor-element-4f22e76 elementor-invisible elementor-widget elementor-widget-heading\" data-id=\"4f22e76\" data-element_type=\"widget\" data-e-type=\"widget\" data-settings=\"{&quot;_animation&quot;:&quot;fadeInUp&quot;}\" data-widget_type=\"heading.default\">\n\t\t\t\t<div class=\"elementor-widget-container\">\n\t\t\t\t\t<h1 class=\"elementor-heading-title elementor-size-default\">SIGUIENTE NIVEL?<\/h1>\t\t\t\t<\/div>\n\t\t\t\t<\/div>\n\t\t<div class=\"elementor-element elementor-element-ccb8a04 e-flex e-con-boxed elementor-invisible e-con e-parent\" data-id=\"ccb8a04\" data-element_type=\"container\" data-e-type=\"container\" data-settings=\"{&quot;background_background&quot;:&quot;classic&quot;,&quot;animation&quot;:&quot;slideInUp&quot;}\">\n\t\t\t\t\t<div class=\"e-con-inner\">\n\t\t<div class=\"elementor-element elementor-element-920ff6f e-con-full e-flex e-con e-child\" data-id=\"920ff6f\" data-element_type=\"container\" data-e-type=\"container\" data-settings=\"{&quot;background_background&quot;:&quot;classic&quot;}\">\n\t\t\t\t<div class=\"elementor-element elementor-element-8cefc5b elementor-widget elementor-widget-shortcode\" data-id=\"8cefc5b\" data-element_type=\"widget\" data-e-type=\"widget\" data-widget_type=\"shortcode.default\">\n\t\t\t\t<div class=\"elementor-widget-container\">\n\t\t\t\t\t\t\t<div class=\"elementor-shortcode\">\n<div class=\"wpcf7 no-js\" id=\"wpcf7-f1960-o1\" lang=\"es-ES\" dir=\"ltr\" data-wpcf7-id=\"1960\">\n<div class=\"screen-reader-response\"><p role=\"status\" aria-live=\"polite\" aria-atomic=\"true\"><\/p> <ul><\/ul><\/div>\n<form action=\"\/en\/wp-json\/wp\/v2\/pages\/65178#wpcf7-f1960-o1\" method=\"post\" class=\"wpcf7-form init\" aria-label=\"Formulario de contacto\" novalidate=\"novalidate\" data-status=\"init\" data-trp-original-action=\"\/en\/wp-json\/wp\/v2\/pages\/65178#wpcf7-f1960-o1\">\n<fieldset class=\"hidden-fields-container\"><input type=\"hidden\" name=\"_wpcf7\" value=\"1960\" \/><input type=\"hidden\" name=\"_wpcf7_version\" value=\"6.1.5\" \/><input type=\"hidden\" name=\"_wpcf7_locale\" value=\"es_ES\" \/><input type=\"hidden\" name=\"_wpcf7_unit_tag\" value=\"wpcf7-f1960-o1\" \/><input type=\"hidden\" name=\"_wpcf7_container_post\" value=\"0\" \/><input type=\"hidden\" name=\"_wpcf7_posted_data_hash\" value=\"\" \/><input type=\"hidden\" name=\"_wpcf7dtx_version\" value=\"5.0.5\" \/><input type=\"hidden\" name=\"_wpcf7_recaptcha_response\" value=\"\" \/>\n<\/fieldset>\n<div class=\"uacf7-form-wrapper-container uacf7-form-1960\"><label> Nombre y apellido\n    <span class=\"wpcf7-form-control-wrap\" data-name=\"your-name\"><input size=\"40\" maxlength=\"400\" class=\"wpcf7-form-control wpcf7-text wpcf7-validates-as-required\" autocomplete=\"name\" aria-required=\"true\" aria-invalid=\"false\" value=\"\" type=\"text\" name=\"your-name\" \/><\/span> <\/label>\n\n<label> Email address\n    <span class=\"wpcf7-form-control-wrap\" data-name=\"your-email\"><input size=\"40\" maxlength=\"400\" class=\"wpcf7-form-control wpcf7-email wpcf7-validates-as-required wpcf7-text wpcf7-validates-as-email\" autocomplete=\"email\" aria-required=\"true\" aria-invalid=\"false\" value=\"\" type=\"email\" name=\"your-email\" \/><\/span> <\/label>\n\n<label> Telefono \/ WhatsApp\n<span class=\"wpcf7-form-control-wrap\" data-name=\"your-phone\"><input size=\"40\" class=\"wpcf7-form-control wpcf7-phonetext wpcf7-validates-as-required wpcf7-text wpcf7-validates-as-phonetext\" data-numberonly=\"true\" aria-required=\"true\" aria-invalid=\"false\" placeholder=\"+51 999 999 999\" value=\"\" type=\"text\" name=\"your-phone\" \/><input type=\"hidden\" name=\"your-phone-country-code\" class=\"wpcf7-phonetext-country-code\" \/><\/span> <\/label>\n\n<label> Categor\u00eda <\/label>\n<span class=\"wpcf7-form-control-wrap\" data-name=\"category\"><select class=\"wpcf7-form-control wpcf7-select wpcf7-validates-as-required\" aria-required=\"true\" aria-invalid=\"false\" name=\"category\"><option value=\"Interesado en aprender de finanzas e inversiones\">Interesado en aprender de finanzas e inversiones<\/option><option value=\"IB\">IB<\/option><option value=\"Academia\">Academia<\/option><option value=\"Afiliado\">Afiliado<\/option><option value=\"Trader\">Trader<\/option><option value=\"FX Broker\">FX Broker<\/option><option value=\"Inversor\">Inversor<\/option><option value=\"Inversor Alto Patrimonio\">Inversor Alto Patrimonio<\/option><option value=\"Trader Institucional\">Trader Institucional<\/option><option value=\"Fondo de Inversi\u00f3n\">Fondo de Inversi\u00f3n<\/option><option value=\"Medio de comunicaci\u00f3n\">Medio de comunicaci\u00f3n<\/option><\/select><\/span>\n\n<input class=\"wpcf7-form-control wpcf7-hidden\" value=\"ecuador\" type=\"hidden\" name=\"edition\" \/>\n<input class=\"wpcf7-form-control wpcf7-hidden\" value=\"Asistente\" type=\"hidden\" name=\"type_ticket\" \/>\n\n<input class=\"wpcf7-form-control wpcf7-hidden\" value=\"\" type=\"hidden\" name=\"utm_campaign\" \/>\n\n<span class=\"wpcf7-form-control-wrap cf7-counter\" data-name=\"cf7-counter\"><input type=\"hidden\" name=\"cf7-counter\" class=\"wpcf7-form-control wpcf7-hidden wpcf7dtx wpcf7dtx-hidden\" aria-invalid=\"false\" value=\"EACD153846\"><\/span>\n\n<span class=\"wpcf7-form-control-wrap recaptcha\" data-name=\"recaptcha\"><span data-sitekey=\"6LeReysrAAAAABuDdSyd_cu8Sa1l-3W3zmsZ05fM\" class=\"wpcf7-form-control wpcf7-recaptcha g-recaptcha\"><\/span>\r\n<noscript>\r\n\t<div class=\"grecaptcha-noscript\">\r\n\t\t<iframe src=\"https:\/\/www.google.com\/recaptcha\/api\/fallback?k=6LeReysrAAAAABuDdSyd_cu8Sa1l-3W3zmsZ05fM\" frameborder=\"0\" scrolling=\"no\" width=\"310\" height=\"430\">\r\n\t\t<\/iframe>\r\n\t\t<textarea name=\"g-recaptcha-response\" rows=\"3\" cols=\"40\" placeholder=\"Aqu\u00ed la respuesta de reCAPTCHA\">\r\n\t\t<\/textarea>\r\n\t<\/div>\r\n<\/noscript>\r\n<\/span>\n\n<input class=\"wpcf7-form-control wpcf7-submit has-spinner\" type=\"submit\" value=\"REGISTER COMING SOON\" \/><\/div><div class=\"wpcf7-response-output\" aria-hidden=\"true\"><\/div>\n<input type=\"hidden\" name=\"trp-form-language\" value=\"en\"\/><\/form>\n<\/div>\n<\/div>\n\t\t\t\t\t\t<\/div>\n\t\t\t\t<\/div>\n\t\t\t\t<\/div>\n\t\t\t\t\t<\/div>\n\t\t\t\t<\/div>\n\t\t\t\t<div class=\"elementor-element elementor-element-ae86c4a elementor-invisible elementor-widget elementor-widget-text-editor\" data-id=\"ae86c4a\" data-element_type=\"widget\" data-e-type=\"widget\" data-settings=\"{&quot;_animation&quot;:&quot;fadeInUp&quot;}\" data-widget_type=\"text-editor.default\">\n\t\t\t\t<div class=\"elementor-widget-container\">\n\t\t\t\t\t\t\t\t\t<p style=\"text-align: center;\"><span style=\"white-space-collapse: preserve;\">*Su registro estar\u00e1 en revisi\u00f3n. Por favor, espere unas horas para recibir su entrada. Recuerde que esta entrada solo es v\u00e1lida para el 25 de abril. Con la entrada que reciba en su correo electr\u00f3nico, podr\u00e1 acceder al evento y revisar su bandeja de entrada o correo no deseado. Aseg\u00farese de que su correo electr\u00f3nico est\u00e9 correctamente escrito o de que su almacenamiento le permita recibir correos electr\u00f3nicos.*<\/span><\/p>\t\t\t\t\t\t\t\t<\/div>\n\t\t\t\t<\/div>\n\t\t\t\t<div class=\"elementor-element elementor-element-85f8847 elementor-align-center elementor-invisible elementor-widget elementor-widget-button\" data-id=\"85f8847\" data-element_type=\"widget\" data-e-type=\"widget\" data-settings=\"{&quot;_animation&quot;:&quot;slideInUp&quot;}\" data-widget_type=\"button.default\">\n\t\t\t\t<div class=\"elementor-widget-container\">\n\t\t\t\t\t\t\t\t\t<div class=\"elementor-button-wrapper\">\n\t\t\t\t\t<a class=\"elementor-button elementor-button-link elementor-size-sm\" href=\"https:\/\/mail.google.com\/mail\/u\/0\/?fs=1&#038;to=info@wealthexpo.la&#038;tf=cm\">\n\t\t\t\t\t\t<span class=\"elementor-button-content-wrapper\">\n\t\t\t\t\t\t\t\t\t<span class=\"elementor-button-text\">CONT\u00c1CTANOS<\/span>\n\t\t\t\t\t<\/span>\n\t\t\t\t\t<\/a>\n\t\t\t\t<\/div>\n\t\t\t\t\t\t\t\t<\/div>\n\t\t\t\t<\/div>\n\t\t\t\t<div class=\"elementor-element elementor-element-470fb1f elementor-invisible elementor-widget elementor-widget-text-editor\" data-id=\"470fb1f\" data-element_type=\"widget\" data-e-type=\"widget\" data-settings=\"{&quot;_animation&quot;:&quot;fadeInUp&quot;}\" data-widget_type=\"text-editor.default\">\n\t\t\t\t<div class=\"elementor-widget-container\">\n\t\t\t\t\t\t\t\t\t<p style=\"text-align: center;\"><span style=\"white-space-collapse: preserve;\">O env\u00edanos un correo a <span style=\"color: #05fd5f;\">info@wealthexpo.la<\/span><\/span><\/p>\t\t\t\t\t\t\t\t<\/div>\n\t\t\t\t<\/div>\n\t\t\t\t\t<\/div>\n\t\t<\/div>\n\t\t\t\t\t<\/div>\n\t\t<\/section>\n\t\t\t\t<\/div>","protected":false},"excerpt":{"rendered":"<p>REGISTRO PARA WEEC26 \u00danete a nosotros en un evento presencial en el Swiss\u00f4tel Quito,ubicado en Quito el s\u00e1bado 25 de [&hellip;]<\/p>\n","protected":false},"author":1,"featured_media":0,"parent":19790,"menu_order":0,"comment_status":"closed","ping_status":"closed","template":"","meta":{"site-sidebar-layout":"no-sidebar","site-content-layout":"","ast-site-content-layout":"full-width-container","site-content-style":"default","site-sidebar-style":"default","ast-global-header-display":"","ast-banner-title-visibility":"","ast-main-header-display":"","ast-hfb-above-header-display":"","ast-hfb-below-header-display":"","ast-hfb-mobile-header-display":"","site-post-title":"disabled","ast-breadcrumbs-content":"","ast-featured-img":"disabled","footer-sml-layout":"","ast-disable-related-posts":"","theme-transparent-header-meta":"","adv-header-id-meta":"","stick-header-meta":"","header-above-stick-meta":"","header-main-stick-meta":"","header-below-stick-meta":"","astra-migrate-meta-layouts":"default","ast-page-background-enabled":"default","ast-page-background-meta":{"desktop":{"background-color":"var(--ast-global-color-4)","background-image":"","background-repeat":"repeat","background-position":"center center","background-size":"auto","background-attachment":"scroll","background-type":"","background-media":"","overlay-type":"","overlay-color":"","overlay-opacity":"","overlay-gradient":""},"tablet":{"background-color":"","background-image":"","background-repeat":"repeat","background-position":"center center","background-size":"auto","background-attachment":"scroll","background-type":"","background-media":"","overlay-type":"","overlay-color":"","overlay-opacity":"","overlay-gradient":""},"mobile":{"background-color":"","background-image":"","background-repeat":"repeat","background-position":"center center","background-size":"auto","background-attachment":"scroll","background-type":"","background-media":"","overlay-type":"","overlay-color":"","overlay-opacity":"","overlay-gradient":""}},"ast-content-background-meta":{"desktop":{"background-color":"var(--ast-global-color-5)","background-image":"","background-repeat":"repeat","background-position":"center center","background-size":"auto","background-attachment":"scroll","background-type":"","background-media":"","overlay-type":"","overlay-color":"","overlay-opacity":"","overlay-gradient":""},"tablet":{"background-color":"var(--ast-global-color-5)","background-image":"","background-repeat":"repeat","background-position":"center center","background-size":"auto","background-attachment":"scroll","background-type":"","background-media":"","overlay-type":"","overlay-color":"","overlay-opacity":"","overlay-gradient":""},"mobile":{"background-color":"var(--ast-global-color-5)","background-image":"","background-repeat":"repeat","background-position":"center center","background-size":"auto","background-attachment":"scroll","background-type":"","background-media":"","overlay-type":"","overlay-color":"","overlay-opacity":"","overlay-gradient":""}},"footnotes":""},"class_list":["post-65178","page","type-page","status-publish","hentry"],"yoast_head":"<!-- This site is optimized with the Yoast SEO plugin v27.4 - https:\/\/yoast.com\/product\/yoast-seo-wordpress\/ -->\n<title>Registro Ticket - Wealth Expo 2026<\/title>\n<meta name=\"robots\" content=\"index, follow, max-snippet:-1, max-image-preview:large, max-video-preview:-1\" \/>\n<link rel=\"canonical\" href=\"https:\/\/wealthexpo.la\/en\/ecuador\/registro-ticket\/\" \/>\n<meta property=\"og:locale\" content=\"en_US\" \/>\n<meta property=\"og:type\" content=\"article\" \/>\n<meta property=\"og:title\" content=\"Registro Ticket - Wealth Expo 2026\" \/>\n<meta property=\"og:description\" content=\"REGISTRO PARA WEEC26 \u00danete a nosotros en un evento presencial en el Swiss\u00f4tel Quito,ubicado en Quito el s\u00e1bado 25 de [&hellip;]\" \/>\n<meta property=\"og:url\" content=\"https:\/\/wealthexpo.la\/en\/ecuador\/registro-ticket\/\" \/>\n<meta property=\"og:site_name\" content=\"Wealth Expo 2026\" \/>\n<meta property=\"article:modified_time\" content=\"2026-04-08T17:59:40+00:00\" \/>\n<meta name=\"twitter:card\" content=\"summary_large_image\" \/>\n<meta name=\"twitter:label1\" content=\"Est. reading time\" \/>\n\t<meta name=\"twitter:data1\" content=\"1 minute\" \/>\n<script type=\"application\/ld+json\" class=\"yoast-schema-graph\">{\"@context\":\"https:\\\/\\\/schema.org\",\"@graph\":[{\"@type\":\"WebPage\",\"@id\":\"https:\\\/\\\/wealthexpo.la\\\/ecuador\\\/registro-ticket\\\/\",\"url\":\"https:\\\/\\\/wealthexpo.la\\\/ecuador\\\/registro-ticket\\\/\",\"name\":\"Registro Ticket - Wealth Expo 2026\",\"isPartOf\":{\"@id\":\"https:\\\/\\\/wealthexpo.la\\\/#website\"},\"datePublished\":\"2025-11-20T18:44:45+00:00\",\"dateModified\":\"2026-04-08T17:59:40+00:00\",\"breadcrumb\":{\"@id\":\"https:\\\/\\\/wealthexpo.la\\\/ecuador\\\/registro-ticket\\\/#breadcrumb\"},\"inLanguage\":\"en-US\",\"potentialAction\":[{\"@type\":\"ReadAction\",\"target\":[\"https:\\\/\\\/wealthexpo.la\\\/ecuador\\\/registro-ticket\\\/\"]}]},{\"@type\":\"BreadcrumbList\",\"@id\":\"https:\\\/\\\/wealthexpo.la\\\/ecuador\\\/registro-ticket\\\/#breadcrumb\",\"itemListElement\":[{\"@type\":\"ListItem\",\"position\":1,\"name\":\"Portada\",\"item\":\"https:\\\/\\\/wealthexpo.la\\\/\"},{\"@type\":\"ListItem\",\"position\":2,\"name\":\"Wealth Expo Ecuador | Oficial\",\"item\":\"https:\\\/\\\/wealthexpo.la\\\/ecuador\\\/\"},{\"@type\":\"ListItem\",\"position\":3,\"name\":\"Registro Ticket\"}]},{\"@type\":\"WebSite\",\"@id\":\"https:\\\/\\\/wealthexpo.la\\\/#website\",\"url\":\"https:\\\/\\\/wealthexpo.la\\\/\",\"name\":\"Wealth Expo 2026\",\"description\":\"Wealth Expo | Evento Trading | Latam 2026\",\"publisher\":{\"@id\":\"https:\\\/\\\/wealthexpo.la\\\/#organization\"},\"potentialAction\":[{\"@type\":\"SearchAction\",\"target\":{\"@type\":\"EntryPoint\",\"urlTemplate\":\"https:\\\/\\\/wealthexpo.la\\\/?s={search_term_string}\"},\"query-input\":{\"@type\":\"PropertyValueSpecification\",\"valueRequired\":true,\"valueName\":\"search_term_string\"}}],\"inLanguage\":\"en-US\"},{\"@type\":\"Organization\",\"@id\":\"https:\\\/\\\/wealthexpo.la\\\/#organization\",\"name\":\"Wealth Expo 2026\",\"url\":\"https:\\\/\\\/wealthexpo.la\\\/\",\"logo\":{\"@type\":\"ImageObject\",\"inLanguage\":\"en-US\",\"@id\":\"https:\\\/\\\/wealthexpo.la\\\/#\\\/schema\\\/logo\\\/image\\\/\",\"url\":\"https:\\\/\\\/wealthexpo.la\\\/wp-content\\\/uploads\\\/2023\\\/09\\\/WE-HORIZONTAL.svg\",\"contentUrl\":\"https:\\\/\\\/wealthexpo.la\\\/wp-content\\\/uploads\\\/2023\\\/09\\\/WE-HORIZONTAL.svg\",\"width\":909,\"height\":256,\"caption\":\"Wealth Expo 2026\"},\"image\":{\"@id\":\"https:\\\/\\\/wealthexpo.la\\\/#\\\/schema\\\/logo\\\/image\\\/\"}}]}<\/script>\n<!-- \/ Yoast SEO plugin. -->","yoast_head_json":{"title":"Registro Ticket - Wealth Expo 2026","robots":{"index":"index","follow":"follow","max-snippet":"max-snippet:-1","max-image-preview":"max-image-preview:large","max-video-preview":"max-video-preview:-1"},"canonical":"https:\/\/wealthexpo.la\/en\/ecuador\/registro-ticket\/","og_locale":"en_US","og_type":"article","og_title":"Registro Ticket - Wealth Expo 2026","og_description":"REGISTRO PARA WEEC26 \u00danete a nosotros en un evento presencial en el Swiss\u00f4tel Quito,ubicado en Quito el s\u00e1bado 25 de [&hellip;]","og_url":"https:\/\/wealthexpo.la\/en\/ecuador\/registro-ticket\/","og_site_name":"Wealth Expo 2026","article_modified_time":"2026-04-08T17:59:40+00:00","twitter_card":"summary_large_image","twitter_misc":{"Est. reading time":"1 minute"},"schema":{"@context":"https:\/\/schema.org","@graph":[{"@type":"WebPage","@id":"https:\/\/wealthexpo.la\/ecuador\/registro-ticket\/","url":"https:\/\/wealthexpo.la\/ecuador\/registro-ticket\/","name":"Registro Ticket - Wealth Expo 2026","isPartOf":{"@id":"https:\/\/wealthexpo.la\/#website"},"datePublished":"2025-11-20T18:44:45+00:00","dateModified":"2026-04-08T17:59:40+00:00","breadcrumb":{"@id":"https:\/\/wealthexpo.la\/ecuador\/registro-ticket\/#breadcrumb"},"inLanguage":"en-US","potentialAction":[{"@type":"ReadAction","target":["https:\/\/wealthexpo.la\/ecuador\/registro-ticket\/"]}]},{"@type":"BreadcrumbList","@id":"https:\/\/wealthexpo.la\/ecuador\/registro-ticket\/#breadcrumb","itemListElement":[{"@type":"ListItem","position":1,"name":"Portada","item":"https:\/\/wealthexpo.la\/"},{"@type":"ListItem","position":2,"name":"Wealth Expo Ecuador | Oficial","item":"https:\/\/wealthexpo.la\/ecuador\/"},{"@type":"ListItem","position":3,"name":"Registro Ticket"}]},{"@type":"WebSite","@id":"https:\/\/wealthexpo.la\/#website","url":"https:\/\/wealthexpo.la\/","name":"Wealth Expo 2026","description":"Wealth Expo | Evento Trading | Latam 2026","publisher":{"@id":"https:\/\/wealthexpo.la\/#organization"},"potentialAction":[{"@type":"SearchAction","target":{"@type":"EntryPoint","urlTemplate":"https:\/\/wealthexpo.la\/?s={search_term_string}"},"query-input":{"@type":"PropertyValueSpecification","valueRequired":true,"valueName":"search_term_string"}}],"inLanguage":"en-US"},{"@type":"Organization","@id":"https:\/\/wealthexpo.la\/#organization","name":"Wealth Expo 2026","url":"https:\/\/wealthexpo.la\/","logo":{"@type":"ImageObject","inLanguage":"en-US","@id":"https:\/\/wealthexpo.la\/#\/schema\/logo\/image\/","url":"https:\/\/wealthexpo.la\/wp-content\/uploads\/2023\/09\/WE-HORIZONTAL.svg","contentUrl":"https:\/\/wealthexpo.la\/wp-content\/uploads\/2023\/09\/WE-HORIZONTAL.svg","width":909,"height":256,"caption":"Wealth Expo 2026"},"image":{"@id":"https:\/\/wealthexpo.la\/#\/schema\/logo\/image\/"}}]}},"_links":{"self":[{"href":"https:\/\/wealthexpo.la\/en\/wp-json\/wp\/v2\/pages\/65178","targetHints":{"allow":["GET"]}}],"collection":[{"href":"https:\/\/wealthexpo.la\/en\/wp-json\/wp\/v2\/pages"}],"about":[{"href":"https:\/\/wealthexpo.la\/en\/wp-json\/wp\/v2\/types\/page"}],"author":[{"embeddable":true,"href":"https:\/\/wealthexpo.la\/en\/wp-json\/wp\/v2\/users\/1"}],"replies":[{"embeddable":true,"href":"https:\/\/wealthexpo.la\/en\/wp-json\/wp\/v2\/comments?post=65178"}],"version-history":[{"count":28,"href":"https:\/\/wealthexpo.la\/en\/wp-json\/wp\/v2\/pages\/65178\/revisions"}],"predecessor-version":[{"id":80365,"href":"https:\/\/wealthexpo.la\/en\/wp-json\/wp\/v2\/pages\/65178\/revisions\/80365"}],"up":[{"embeddable":true,"href":"https:\/\/wealthexpo.la\/en\/wp-json\/wp\/v2\/pages\/19790"}],"wp:attachment":[{"href":"https:\/\/wealthexpo.la\/en\/wp-json\/wp\/v2\/media?parent=65178"}],"curies":[{"name":"wp","href":"https:\/\/api.w.org\/{rel}","templated":true}]}}